{"id":478,"date":"2023-07-06T12:21:16","date_gmt":"2023-07-06T10:21:16","guid":{"rendered":"https:\/\/libertaeres-zentrum-md.org\/?page_id=478"},"modified":"2025-08-20T21:14:24","modified_gmt":"2025-08-20T19:14:24","slug":"projektraume","status":"publish","type":"page","link":"https:\/\/libertaeres-zentrum-md.org\/index.php\/projektraume\/","title":{"rendered":"Projektr\u00e4ume"},"content":{"rendered":"<p>Die Projektr\u00e4ume k\u00f6nnen alle nach Absprache kostenlos benutzt werden. Schreib uns einfach eine Anfrage per Email an liz-md@riseup.net .<\/p>\n\n\n<h2 class=\"wp-block-heading\">Siebdruckwerkstatt<\/h2>\n\n\n\n<div class=\"wp-block-media-text alignwide is-stacked-on-mobile\"><figure class=\"wp-block-media-text__media\"><img loading=\"lazy\" decoding=\"async\" width=\"1024\" height=\"937\" src=\"https:\/\/libertaeres-zentrum-md.org\/wp-content\/uploads\/2023\/08\/20230807_173059-1024x937.jpg\" alt=\"\" class=\"wp-image-680 size-full\" srcset=\"https:\/\/libertaeres-zentrum-md.org\/wp-content\/uploads\/2023\/08\/20230807_173059-1024x937.jpg 1024w, https:\/\/libertaeres-zentrum-md.org\/wp-content\/uploads\/2023\/08\/20230807_173059-300x275.jpg 300w, https:\/\/libertaeres-zentrum-md.org\/wp-content\/uploads\/2023\/08\/20230807_173059-768x703.jpg 768w, https:\/\/libertaeres-zentrum-md.org\/wp-content\/uploads\/2023\/08\/20230807_173059-1536x1406.jpg 1536w, https:\/\/libertaeres-zentrum-md.org\/wp-content\/uploads\/2023\/08\/20230807_173059-2048x1874.jpg 2048w, https:\/\/libertaeres-zentrum-md.org\/wp-content\/uploads\/2023\/08\/20230807_173059-1200x1098.jpg 1200w\" sizes=\"auto, (max-width: 709px) 85vw, (max-width: 909px) 67vw, (max-width: 1362px) 62vw, 840px\" \/><\/figure><div class=\"wp-block-media-text__content\">\n<p>Ob auf Textilien oder Papier, hier kannst du ausprobieren und bedrucken. Wir helfen dir gern dabei.<\/p>\n<\/div><\/div>\n\n\n\n<h2 class=\"wp-block-heading has-text-align-right\">Bastelwerkstatt<\/h2>\n\n\n\n<div class=\"wp-block-media-text alignwide has-media-on-the-right is-stacked-on-mobile\"><div class=\"wp-block-media-text__content\">\n<p>Falls du mal ein Bastelprojekt umsetzten m\u00f6chtest kannst du das gerne bei uns machen. Wir haben viel Farben, Stoffe, Tapeten und anderen Bastelkrimskrams.<\/p>\n<\/div><figure class=\"wp-block-media-text__media\"><img loading=\"lazy\" decoding=\"async\" width=\"813\" height=\"1024\" src=\"https:\/\/libertaeres-zentrum-md.org\/wp-content\/uploads\/2023\/08\/20230807_172808-813x1024.jpg\" alt=\"\" class=\"wp-image-681 size-full\" srcset=\"https:\/\/libertaeres-zentrum-md.org\/wp-content\/uploads\/2023\/08\/20230807_172808-813x1024.jpg 813w, https:\/\/libertaeres-zentrum-md.org\/wp-content\/uploads\/2023\/08\/20230807_172808-238x300.jpg 238w, https:\/\/libertaeres-zentrum-md.org\/wp-content\/uploads\/2023\/08\/20230807_172808-768x967.jpg 768w, https:\/\/libertaeres-zentrum-md.org\/wp-content\/uploads\/2023\/08\/20230807_172808-1220x1536.jpg 1220w, https:\/\/libertaeres-zentrum-md.org\/wp-content\/uploads\/2023\/08\/20230807_172808-1627x2048.jpg 1627w, https:\/\/libertaeres-zentrum-md.org\/wp-content\/uploads\/2023\/08\/20230807_172808-1200x1511.jpg 1200w, https:\/\/libertaeres-zentrum-md.org\/wp-content\/uploads\/2023\/08\/20230807_172808-scaled.jpg 2033w\" sizes=\"auto, (max-width: 813px) 85vw, 813px\" \/><\/figure><\/div>\n\n\n\n<h2 class=\"wp-block-heading\">Proberaum<\/h2>\n\n\n\n<div class=\"wp-block-media-text alignwide is-stacked-on-mobile\"><figure class=\"wp-block-media-text__media\"><img loading=\"lazy\" decoding=\"async\" width=\"1024\" height=\"815\" src=\"https:\/\/libertaeres-zentrum-md.org\/wp-content\/uploads\/2023\/08\/20230807_173657-1024x815.jpg\" alt=\"\" class=\"wp-image-682 size-full\" srcset=\"https:\/\/libertaeres-zentrum-md.org\/wp-content\/uploads\/2023\/08\/20230807_173657-1024x815.jpg 1024w, https:\/\/libertaeres-zentrum-md.org\/wp-content\/uploads\/2023\/08\/20230807_173657-300x239.jpg 300w, https:\/\/libertaeres-zentrum-md.org\/wp-content\/uploads\/2023\/08\/20230807_173657-768x611.jpg 768w, https:\/\/libertaeres-zentrum-md.org\/wp-content\/uploads\/2023\/08\/20230807_173657-1536x1223.jpg 1536w, https:\/\/libertaeres-zentrum-md.org\/wp-content\/uploads\/2023\/08\/20230807_173657-2048x1630.jpg 2048w, https:\/\/libertaeres-zentrum-md.org\/wp-content\/uploads\/2023\/08\/20230807_173657-1200x955.jpg 1200w\" sizes=\"auto, (max-width: 709px) 85vw, (max-width: 909px) 67vw, (max-width: 1362px) 62vw, 840px\" \/><\/figure><div class=\"wp-block-media-text__content\">\n<p>Hast du Lust eine Band zu starten oder mit deiner schon existierenden Band zu proben? Der Proberaum bietet eine Vielzahl an Instrumenten. Gern kannst du auch eigene mitbringen. Die Technik wird gern von uns erkl\u00e4rt.<\/p>\n<\/div><\/div>\n\n\n\n<h2 class=\"wp-block-heading has-text-align-right\">Seminarraum\/Infoladen<\/h2>\n\n\n\n<div class=\"wp-block-media-text alignwide has-media-on-the-right is-stacked-on-mobile\"><div class=\"wp-block-media-text__content\">\n<p>Falls du dich als Gruppe treffen m\u00f6chtest, kannst du gern bei uns im Infoladen mit gem\u00fctlichen Couches, Flipchart und Beamer zusammenkommen. Zur Ablenkung gibt es ein Tischkicker, eine Tischtennisplatte, eine Dartscheibe oder einen Billardtisch.<\/p>\n<\/div><figure class=\"wp-block-media-text__media\"><img loading=\"lazy\" decoding=\"async\" width=\"1024\" height=\"672\" src=\"https:\/\/libertaeres-zentrum-md.org\/wp-content\/uploads\/2023\/08\/20230807_173600-2-1024x672.jpg\" alt=\"\" class=\"wp-image-691 size-full\" srcset=\"https:\/\/libertaeres-zentrum-md.org\/wp-content\/uploads\/2023\/08\/20230807_173600-2-1024x672.jpg 1024w, https:\/\/libertaeres-zentrum-md.org\/wp-content\/uploads\/2023\/08\/20230807_173600-2-300x197.jpg 300w, https:\/\/libertaeres-zentrum-md.org\/wp-content\/uploads\/2023\/08\/20230807_173600-2-768x504.jpg 768w, https:\/\/libertaeres-zentrum-md.org\/wp-content\/uploads\/2023\/08\/20230807_173600-2-1536x1008.jpg 1536w, https:\/\/libertaeres-zentrum-md.org\/wp-content\/uploads\/2023\/08\/20230807_173600-2-2048x1344.jpg 2048w, https:\/\/libertaeres-zentrum-md.org\/wp-content\/uploads\/2023\/08\/20230807_173600-2-1200x788.jpg 1200w\" sizes=\"auto, (max-width: 709px) 85vw, (max-width: 909px) 67vw, (max-width: 1362px) 62vw, 840px\" \/><\/figure><\/div>\n\n\n\n<h2 class=\"wp-block-heading\">Umsonstladen\/-regal<\/h2>\n\n\n\n<div class=\"wp-block-media-text alignwide is-stacked-on-mobile\"><figure class=\"wp-block-media-text__media\"><img loading=\"lazy\" decoding=\"async\" width=\"1024\" height=\"1024\" src=\"https:\/\/libertaeres-zentrum-md.org\/wp-content\/uploads\/2023\/08\/20230807_183913-1024x1024.jpg\" alt=\"\" class=\"wp-image-699 size-full\" srcset=\"https:\/\/libertaeres-zentrum-md.org\/wp-content\/uploads\/2023\/08\/20230807_183913-1024x1024.jpg 1024w, https:\/\/libertaeres-zentrum-md.org\/wp-content\/uploads\/2023\/08\/20230807_183913-300x300.jpg 300w, https:\/\/libertaeres-zentrum-md.org\/wp-content\/uploads\/2023\/08\/20230807_183913-150x150.jpg 150w, https:\/\/libertaeres-zentrum-md.org\/wp-content\/uploads\/2023\/08\/20230807_183913-768x768.jpg 768w, https:\/\/libertaeres-zentrum-md.org\/wp-content\/uploads\/2023\/08\/20230807_183913-1536x1536.jpg 1536w, https:\/\/libertaeres-zentrum-md.org\/wp-content\/uploads\/2023\/08\/20230807_183913-2048x2048.jpg 2048w, https:\/\/libertaeres-zentrum-md.org\/wp-content\/uploads\/2023\/08\/20230807_183913-1200x1200.jpg 1200w\" sizes=\"auto, (max-width: 709px) 85vw, (max-width: 909px) 67vw, (max-width: 1362px) 62vw, 840px\" \/><\/figure><div class=\"wp-block-media-text__content\">\n<p>Vor unserem Haus steht ein jederzeit zug\u00e4ngliches Umsonstregal. Hier kannst du (bitte geordnet) Klamotten oder praktische Gegenst\u00e4nde spenden oder abholen. In unserem Haus befindet sich noch ein Raum, der &#8220;<a href=\"https:\/\/libertaeres-zentrum-md.org\/index.php\/umsonstladen-2\/\" data-type=\"page\" data-id=\"839\">Tante-Umme-Laden<\/a>&#8220;, welcher mit Gebrauchsgegenst\u00e4nden gef\u00fcllt ist. Falls du was brauchst, komm Dienstags 17-19 Uhr vorbei oder jeden letzten Samstag im Monat von 12-14 Uhr.<\/p>\n<\/div><\/div>\n\n\n\n<h2 class=\"wp-block-heading has-text-align-right\">Fahrradwerkstatt<\/h2>\n\n\n\n<div class=\"wp-block-media-text alignwide has-media-on-the-right is-stacked-on-mobile\" style=\"grid-template-columns:auto 38%\"><div class=\"wp-block-media-text__content\">\n<p>Jeden Dienstag von 14-18 Uhr findet parallel zur <a href=\"https:\/\/libertaeres-zentrum-md.org\/index.php\/veranstaltungen\/\" data-type=\"page\" data-id=\"477\">K\u00fccheF\u00fcrAlle <\/a>von 17-19 Uhr die Fahrradwerkstatt statt. Hier kannst du lernen dein Fahrrad zu reparieren mit den passenden Werkzeugen und Unterst\u00fctzung von uns.<\/p>\n<\/div><figure class=\"wp-block-media-text__media\"><img loading=\"lazy\" decoding=\"async\" width=\"768\" height=\"1024\" src=\"https:\/\/libertaeres-zentrum-md.org\/wp-content\/uploads\/2023\/08\/20230831_110608-768x1024.jpg\" alt=\"\" class=\"wp-image-747 size-large\" srcset=\"https:\/\/libertaeres-zentrum-md.org\/wp-content\/uploads\/2023\/08\/20230831_110608-768x1024.jpg 768w, https:\/\/libertaeres-zentrum-md.org\/wp-content\/uploads\/2023\/08\/20230831_110608-225x300.jpg 225w, https:\/\/libertaeres-zentrum-md.org\/wp-content\/uploads\/2023\/08\/20230831_110608-1152x1536.jpg 1152w, https:\/\/libertaeres-zentrum-md.org\/wp-content\/uploads\/2023\/08\/20230831_110608-1536x2048.jpg 1536w, https:\/\/libertaeres-zentrum-md.org\/wp-content\/uploads\/2023\/08\/20230831_110608-1200x1600.jpg 1200w, https:\/\/libertaeres-zentrum-md.org\/wp-content\/uploads\/2023\/08\/20230831_110608-scaled.jpg 1920w\" sizes=\"auto, (max-width: 768px) 85vw, 768px\" \/><\/figure><\/div>\n","protected":false},"excerpt":{"rendered":"<p>Die Projektr\u00e4ume k\u00f6nnen alle nach Absprache kostenlos benutzt werden. Schreib uns einfach eine Anfrage per Email an liz-md@riseup.net . Siebdruckwerkstatt Ob auf Textilien oder Papier, hier kannst du ausprobieren und bedrucken. Wir helfen dir gern dabei. Bastelwerkstatt Falls du mal ein Bastelprojekt umsetzten m\u00f6chtest kannst du das gerne bei uns machen. Wir haben viel Farben, &hellip; <a href=\"https:\/\/libertaeres-zentrum-md.org\/index.php\/projektraume\/\" class=\"more-link\">Continue reading<span class=\"screen-reader-text\"> &#8220;Projektr\u00e4ume&#8221;<\/span><\/a><\/p>\n","protected":false},"author":1,"featured_media":0,"parent":0,"menu_order":0,"comment_status":"closed","ping_status":"closed","template":"","meta":{"footnotes":""},"class_list":["post-478","page","type-page","status-publish","hentry"],"_links":{"self":[{"href":"https:\/\/libertaeres-zentrum-md.org\/index.php\/wp-json\/wp\/v2\/pages\/478","targetHints":{"allow":["GET"]}}],"collection":[{"href":"https:\/\/libertaeres-zentrum-md.org\/index.php\/wp-json\/wp\/v2\/pages"}],"about":[{"href":"https:\/\/libertaeres-zentrum-md.org\/index.php\/wp-json\/wp\/v2\/types\/page"}],"author":[{"embeddable":true,"href":"https:\/\/libertaeres-zentrum-md.org\/index.php\/wp-json\/wp\/v2\/users\/1"}],"replies":[{"embeddable":true,"href":"https:\/\/libertaeres-zentrum-md.org\/index.php\/wp-json\/wp\/v2\/comments?post=478"}],"version-history":[{"count":15,"href":"https:\/\/libertaeres-zentrum-md.org\/index.php\/wp-json\/wp\/v2\/pages\/478\/revisions"}],"predecessor-version":[{"id":853,"href":"https:\/\/libertaeres-zentrum-md.org\/index.php\/wp-json\/wp\/v2\/pages\/478\/revisions\/853"}],"wp:attachment":[{"href":"https:\/\/libertaeres-zentrum-md.org\/index.php\/wp-json\/wp\/v2\/media?parent=478"}],"curies":[{"name":"wp","href":"https:\/\/api.w.org\/{rel}","templated":true}]}}