{"id":430,"date":"2020-04-13T15:22:01","date_gmt":"2020-04-13T13:22:01","guid":{"rendered":"https:\/\/libertaeres-zentrum-md.org\/?page_id=430"},"modified":"2024-11-29T09:44:43","modified_gmt":"2024-11-29T08:44:43","slug":"impressum","status":"publish","type":"page","link":"https:\/\/libertaeres-zentrum-md.org\/index.php\/impressum\/","title":{"rendered":"Impressum"},"content":{"rendered":"\n<div class=\"wp-block-group\"><div class=\"wp-block-group__inner-container is-layout-flow wp-block-group-is-layout-flow\">\n<pre class=\"wp-block-verse\"><strong>Libert\u00e4res Zentrum Magdeburg e.V.<\/strong><br>Alt Salbke 144<br>39122 Magdeburg<\/pre>\n<\/div><\/div>\n\n\n\n<pre class=\"wp-block-verse\"><strong>E-Mail<\/strong>:[Spamschutz]liz-md[\u00e4t]riseup.net[Spamschutz]<\/pre>\n\n\n\n<pre class=\"wp-block-verse\"><strong>Das Impressum gilt f\u00fcr: <\/strong>https:\/\/libertaeres-zentrum-md.org\/<\/pre>\n\n\n\n<pre class=\"wp-block-verse\"><strong>Registergericht<\/strong>: Amtsgericht Stendal (Zentrales Registergericht)\n               Scharnhorststra\u00dfe 40\n               39576 Stendal\n<strong>Registernummer<\/strong>: VR2103<\/pre>\n\n\n\n<pre class=\"wp-block-verse\"><strong>StNr.: <\/strong>102\/142\/10121   \n<strong>zust\u00e4ndiges Finanzamt:<\/strong> Magdeburg <\/pre>\n\n\n\n<p><\/p>\n","protected":false},"excerpt":{"rendered":"<p>Libert\u00e4res Zentrum Magdeburg e.V.Alt Salbke 14439122 Magdeburg E-Mail:[Spamschutz]liz-md[\u00e4t]riseup.net[Spamschutz] Das Impressum gilt f\u00fcr: https:\/\/libertaeres-zentrum-md.org\/ Registergericht: Amtsgericht Stendal (Zentrales Registergericht) Scharnhorststra\u00dfe 40 39576 Stendal Registernummer: VR2103 StNr.: 102\/142\/10121 zust\u00e4ndiges Finanzamt: Magdeburg<\/p>\n","protected":false},"author":1,"featured_media":0,"parent":0,"menu_order":0,"comment_status":"closed","ping_status":"closed","template":"","meta":{"footnotes":""},"class_list":["post-430","page","type-page","status-publish","hentry"],"_links":{"self":[{"href":"https:\/\/libertaeres-zentrum-md.org\/index.php\/wp-json\/wp\/v2\/pages\/430","targetHints":{"allow":["GET"]}}],"collection":[{"href":"https:\/\/libertaeres-zentrum-md.org\/index.php\/wp-json\/wp\/v2\/pages"}],"about":[{"href":"https:\/\/libertaeres-zentrum-md.org\/index.php\/wp-json\/wp\/v2\/types\/page"}],"author":[{"embeddable":true,"href":"https:\/\/libertaeres-zentrum-md.org\/index.php\/wp-json\/wp\/v2\/users\/1"}],"replies":[{"embeddable":true,"href":"https:\/\/libertaeres-zentrum-md.org\/index.php\/wp-json\/wp\/v2\/comments?post=430"}],"version-history":[{"count":3,"href":"https:\/\/libertaeres-zentrum-md.org\/index.php\/wp-json\/wp\/v2\/pages\/430\/revisions"}],"predecessor-version":[{"id":830,"href":"https:\/\/libertaeres-zentrum-md.org\/index.php\/wp-json\/wp\/v2\/pages\/430\/revisions\/830"}],"wp:attachment":[{"href":"https:\/\/libertaeres-zentrum-md.org\/index.php\/wp-json\/wp\/v2\/media?parent=430"}],"curies":[{"name":"wp","href":"https:\/\/api.w.org\/{rel}","templated":true}]}}